{"id":2677,"date":"2020-01-04T16:24:38","date_gmt":"2020-01-04T16:24:38","guid":{"rendered":"https:\/\/herdadedabombeira.com\/politica-de-privacidade\/"},"modified":"2023-07-08T21:13:09","modified_gmt":"2023-07-08T20:13:09","slug":"politica-de-privacidade","status":"publish","type":"page","link":"https:\/\/herdadedabombeira.com\/fr\/politica-de-privacidade\/","title":{"rendered":"Pol\u00edtica de Privacidade"},"content":{"rendered":"<p>[et_pb_section fb_built=\u00a0\u00bb1&Prime; _builder_version=\u00a0\u00bb4.16&Prime; custom_margin=\u00a0\u00bb100px||||false|false\u00a0\u00bb global_colors_info=\u00a0\u00bb{}\u00a0\u00bb][et_pb_row custom_padding_last_edited=\u00a0\u00bbon|phone\u00a0\u00bb _builder_version=\u00a0\u00bb4.16&Prime; background_size=\u00a0\u00bbinitial\u00a0\u00bb background_position=\u00a0\u00bbtop_left\u00a0\u00bb background_repeat=\u00a0\u00bbrepeat\u00a0\u00bb custom_padding_tablet=\u00a0\u00bb10px||||false|false\u00a0\u00bb custom_padding_phone=\u00a0\u00bb0px||||false|false\u00a0\u00bb global_colors_info=\u00a0\u00bb{}\u00a0\u00bb][et_pb_column type=\u00a0\u00bb4_4&Prime; _builder_version=\u00a0\u00bb4.16&Prime; custom_padding=\u00a0\u00bb|||\u00a0\u00bb global_colors_info=\u00a0\u00bb{}\u00a0\u00bb custom_padding__hover=\u00a0\u00bb|||\u00a0\u00bb][et_pb_text _builder_version=\u00a0\u00bb4.21.0&Prime; background_size=\u00a0\u00bbinitial\u00a0\u00bb background_position=\u00a0\u00bbtop_left\u00a0\u00bb background_repeat=\u00a0\u00bbrepeat\u00a0\u00bb global_colors_info=\u00a0\u00bb{}\u00a0\u00bb]<\/p>\n<h1>Politique de Confidentialit\u00e9<\/h1>\n<p>[\/et_pb_text][et_pb_text _builder_version=\u00a0\u00bb4.21.0&Prime; text_font_size=\u00a0\u00bb1.05rem\u00a0\u00bb text_line_height=\u00a0\u00bb1.6em\u00a0\u00bb background_size=\u00a0\u00bbinitial\u00a0\u00bb background_position=\u00a0\u00bbtop_left\u00a0\u00bb background_repeat=\u00a0\u00bbrepeat\u00a0\u00bb global_colors_info=\u00a0\u00bb{}\u00a0\u00bb]<\/p>\n<p>herdadedabombeira.pt est un site Web d\u00e9tenu et fourni par la soci\u00e9t\u00e9 portugaise Bombeira do Guadiana S.A.<\/p>\n<p>La politique de confidentialit\u00e9 ci-dessous identifie les informations collect\u00e9es, les moyens de les collecter et de les traiter.<br \/>Lorsque vous utilisez ce site Web, vous devez conna\u00eetre et accepter cette politique de confidentialit\u00e9.<\/p>\n<p>1. Propri\u00e9taire et responsable du traitement<br \/>Bombeira do Guadiana S.A.<br \/>Rua Dr. Afonso Costa 33 ans,<br \/>7750-352 M\u00e9rtola, Portugal<br \/>Courriel : herdadedabombeira1@gmail.com<\/p>\n<p>2. Donn\u00e9es collect\u00e9es<br \/>Ce site Web collecte les donn\u00e9es suivantes par le biais des formulaires d&rsquo;inscription ou de contact lorsqu&rsquo;ils sont remplis et envoy\u00e9s par l&rsquo;utilisateur :<br \/>(a) nom, (b) num\u00e9ro de t\u00e9l\u00e9phone, (c) nom de l&rsquo;entreprise, (d) e-mail<\/p>\n<p>Ce site Web utilise des cookies pour collecter des informations statistiques de mani\u00e8re anonyme et\/ou pour am\u00e9liorer l&rsquo;exp\u00e9rience de l&rsquo;utilisateur lors de l&rsquo;utilisation de ce site Web.<\/p>\n<p>3. Finalit\u00e9 des donn\u00e9es collect\u00e9es<br \/>Les donn\u00e9es collect\u00e9es sur ce site sont destin\u00e9es \u00e0 :<br \/>\u2013 Contact avec l&rsquo;utilisateur pour r\u00e9pondre aux demandes envoy\u00e9es.<br \/>\u2013 Envoi, \u00e0 la demande de l&rsquo;utilisateur, de propositions de services et\/ou d&rsquo;autres informations sur des services et\/ou des produits.<br \/>\u2013 Les contacts futurs, \u00e0 savoir l&rsquo;envoi de communications sur les services et les campagnes commerciales.<br \/>\u2013 Respect des obligations l\u00e9gales.<\/p>\n<p>Les donn\u00e9es sont donc collect\u00e9es aux fins indiqu\u00e9es ci-dessus, chaque titulaire devant en v\u00e9rifier l&rsquo;exactitude et la mise \u00e0 jour afin que le responsable de ce site puisse adopter les mesures appropri\u00e9es pour son traitement.<\/p>\n<p>Le fait de remplir les formulaires de ce site Web s&rsquo;accompagne d&rsquo;une demande de consentement expr\u00e8s de l&rsquo;utilisateur pour envoyer et traiter les donn\u00e9es comme d\u00e9crit ci-dessus. Ce consentement donn\u00e9 lors de l&rsquo;envoi de toute information personnelle se traduira par le consentement pr\u00e9alable et expr\u00e8s au traitement des donn\u00e9es personnelles transmises par son titulaire pour une ou plusieurs finalit\u00e9s d\u00e9crites ci-dessus, ainsi que par le propri\u00e9taire de ce site autoris\u00e9 \u00e0 traiter les donn\u00e9es personnelles collect\u00e9es \u00e0 l&rsquo;adresse dans la mesure et pour le temps n\u00e9cessaires \u00e0 la poursuite de ses finalit\u00e9s.<\/p>\n<p>Conform\u00e9ment \u00e0 la l\u00e9gislation en vigueur et \u00e0 sa politique, le propri\u00e9taire de ce site Web pr\u00e9cise qu&rsquo;il ne demande ni n&rsquo;encourage, en aucun lieu et de quelque mani\u00e8re que ce soit, la remise et l&rsquo;envoi de donn\u00e9es personnelles se r\u00e9f\u00e9rant \u00e0 des convictions philosophiques ou politiques, parti ou l&rsquo;affiliation syndicale, la foi religieuse, la vie priv\u00e9e, l&rsquo;origine raciale ou ethnique, ainsi que le traitement des donn\u00e9es relatives \u00e0 la vie sexuelle.<\/p>\n<p>En cons\u00e9quence, le propri\u00e9taire de ce site Web se r\u00e9serve le droit de ne pas accepter la collecte ou la r\u00e9ception d&rsquo;informations qui portent atteinte aux droits fondamentaux ou qui semblent ill\u00e9gales, excluant toute responsabilit\u00e9 pour le traitement respectif.<\/p>\n<p>Compte tenu de la finalit\u00e9 du traitement des informations collect\u00e9es, le propri\u00e9taire de ce site se r\u00e9serve le droit d&rsquo;annuler ou d&rsquo;annuler toute commande si toutes les donn\u00e9es n\u00e9cessaires \u00e0 la gestion du processus en cause ne sont pas collect\u00e9es, excluant toute responsabilit\u00e9.<\/p>\n<p>4. Conservation des donn\u00e9es personnelles<br \/>En cons\u00e9quence, il est inform\u00e9 que les donn\u00e9es personnelles collect\u00e9es dans le cadre de tout traitement \u00e0 mettre en \u0153uvre par le propri\u00e9taire de ce site pourront \u00eatre conserv\u00e9es pendant la dur\u00e9e n\u00e9cessaire \u00e0 la r\u00e9alisation de la finalit\u00e9, et pourront \u00eatre conserv\u00e9es en r\u00e9serve pour des traitements futurs ou \u00eatre conserv\u00e9es pour la poursuite de l&rsquo;envoi de promotions ou de divulgations d&rsquo;actions, de services ou de produits, sans pr\u00e9judice du droit du titulaire de demander la suppression de ses donn\u00e9es (droit \u00e0 l&rsquo;oubli), \u00e0 tout moment, comme indiqu\u00e9 au point suivant.<\/p>\n<p>5. Droits du titulaire des donn\u00e9es personnelles<br \/>La dur\u00e9e pendant laquelle les donn\u00e9es personnelles sont stock\u00e9es et conserv\u00e9es sera au maximum de 10 ans, cependant :<\/p>\n<p>Le titulaire des donn\u00e9es personnelles peut, \u00e0 tout moment, demander :<br \/>\u2013 Acc\u00e8s\/demande de toutes les informations d\u00e9tenues par la personne responsable de ce site \u00e0 votre sujet<br \/>\u2013 L&rsquo;\u00e9limination de toutes les informations d\u00e9tenues par le responsable de ce site \u00e0 votre sujet chaque fois que l&rsquo;une des raisons suivantes s&rsquo;applique : (i) les donn\u00e9es ne sont plus n\u00e9cessaires \u00e0 la finalit\u00e9 qui a motiv\u00e9 leur collecte ou leur traitement ; (ii) le titulaire retire son consentement, lorsque le consentement est la base juridique ; (iii) le titulaire s&rsquo;oppose au traitement et il n&rsquo;y a pas d&rsquo;int\u00e9r\u00eats l\u00e9gitimes qui justifient son maintien ou (iv) les donn\u00e9es personnelles doivent \u00eatre effac\u00e9es pour se conformer \u00e0 une obligation l\u00e9gale.<br \/>\u2013 La rectification des informations d\u00e9tenues par le responsable de ce site vous concernant<br \/>\u2013 Portabilit\u00e9, limitation et\/ou opposition au traitement, le titulaire doit communiquer sa demande par \u00e9crit au C-propri\u00e9taire de ce site, en s&rsquo;identifiant par son nom complet et des \u00e9l\u00e9ments d&rsquo;identification suffisants pour nous permettre de l&rsquo;identifier correctement et de poursuivre le traitement de sa demande .<\/p>\n<p>Toutes les demandes doivent \u00eatre faites via les adresses et les formulaires identifi\u00e9s au point 1 de cette politique de confidentialit\u00e9.<br \/>En outre, le titulaire peut toujours d\u00e9poser toutes les r\u00e9clamations qu&rsquo;il juge n\u00e9cessaires aupr\u00e8s de l&rsquo;autorit\u00e9 comp\u00e9tente \u00e0 cet effet.<\/p>\n<p>6. S\u00e9curit\u00e9 dans le traitement des donn\u00e9es personnelles<br \/>Les donn\u00e9es collect\u00e9es sont trait\u00e9es et stock\u00e9es \u00e9lectroniquement et sur support physique (papier) si n\u00e9cessaire.<br \/>Le propri\u00e9taire de ce site Web a mis en place des mesures techniques et organisationnelles appropri\u00e9es pour prot\u00e9ger les donn\u00e9es personnelles contre la destruction accidentelle ou illicite, la perte accidentelle, l&rsquo;alt\u00e9ration, la diffusion ou l&rsquo;acc\u00e8s non autoris\u00e9s, et contre toute forme de traitement illicite. Seuls les employ\u00e9s et sous-traitants autoris\u00e9s par le propri\u00e9taire de ce site ont acc\u00e8s aux donn\u00e9es personnelles, \u00e9tant tenus au devoir de secret et de confidentialit\u00e9.<br \/>Si, pour quelque raison que ce soit, une violation de la s\u00e9curit\u00e9 entra\u00eene, accidentellement ou ill\u00e9galement, la destruction, la perte, l&rsquo;alt\u00e9ration, la divulgation ou l&rsquo;acc\u00e8s non autoris\u00e9 \u00e0 des donn\u00e9es personnelles, le propri\u00e9taire de ce site Web s&rsquo;engage, conform\u00e9ment \u00e0 la l\u00e9gislation applicable, \u00e0 communiquer aupr\u00e8s des autorit\u00e9s comp\u00e9tentes, sans d\u00e9lai justifi\u00e9 et, si possible, jusqu&rsquo;\u00e0 72 heures apr\u00e8s en avoir eu connaissance.<br \/>Dans les conditions susmentionn\u00e9es, le propri\u00e9taire de ce site Web s&rsquo;engage \u00e0 communiquer la violation des donn\u00e9es personnelles \u00e0 la personne concern\u00e9e, conform\u00e9ment \u00e0 la l\u00e9gislation applicable.<br \/>Sans pr\u00e9judice des dispositions des paragraphes pr\u00e9c\u00e9dents, l&rsquo;utilisateur doit adopter les mesures de s\u00e9curit\u00e9 suppl\u00e9mentaires n\u00e9cessaires et requises, \u00e0 savoir la mise \u00e0 jour d&rsquo;un pare-feu actif, d&rsquo;un antivirus et d&rsquo;un anti-logiciel espion, et doit faire un usage prudent lors de l&rsquo;acc\u00e8s \u00e0 des plateformes tierces, en v\u00e9rifiant et en confirmant les l&rsquo;existence d&rsquo;un certificat num\u00e9rique et la fiabilit\u00e9 de l&rsquo;adresse, excluant toute responsabilit\u00e9 du propri\u00e9taire de ce site pour un fait qui ne lui est pas imputable ou le non-respect des r\u00e8gles de prudence sp\u00e9cifi\u00e9es ou requises.<\/p>\n<p>7. Communication de donn\u00e9es personnelles \u00e0 des entit\u00e9s tierces<br \/>Les informations et donn\u00e9es personnelles auxquelles le propri\u00e9taire de ce site a acc\u00e8s ne seront en aucun cas vendues ou c\u00e9d\u00e9es \u00e0 des tiers.<br \/>Dans le cadre de son activit\u00e9, le propri\u00e9taire de ce site Web peut recourir \u00e0 des sous-traitants pour la fourniture de certains services, ce qui peut impliquer, dans certaines situations, l&rsquo;acc\u00e8s, par ces entit\u00e9s, aux donn\u00e9es personnelles des utilisateurs ou des clients.<br \/>Si cela se produit, le titulaire consent \u00e0 ce partage, le propri\u00e9taire de ce site s&rsquo;engageant \u00e0 prendre les mesures n\u00e9cessaires et appropri\u00e9es, afin de s&rsquo;assurer que les entit\u00e9s qui ont acc\u00e8s \u00e0 ces donn\u00e9es personnelles sont r\u00e9put\u00e9es et offrent des garanties \u00e9lev\u00e9es \u00e0 ce niveau. , qui seront d\u00fbment consign\u00e9s et sauvegard\u00e9s dans un contrat \u00e9crit, conclu entre le propri\u00e9taire de ce site et le(s) sous-traitant(s).<br \/>Tout sous-traitant avec qui le propri\u00e9taire de ce site partage des donn\u00e9es sera responsable du traitement des donn\u00e9es personnelles des utilisateurs, en leur nom et pour leur compte, en s&rsquo;engageant \u00e0 adopter les mesures techniques et organisationnelles n\u00e9cessaires afin de prot\u00e9ger les donn\u00e9es personnelles contre la destruction, accidentelle ou illicite, perte accidentelle, alt\u00e9ration, diffusion ou acc\u00e8s non autoris\u00e9 et contre toute autre forme de traitement illicite, \u00e9tant le m\u00eame que responsable de la bonne utilisation et dans les termes l\u00e9gaux.<br \/>Sans pr\u00e9judice des dispositions du paragraphe pr\u00e9c\u00e9dent, le propri\u00e9taire de ce site Web est responsable du traitement des donn\u00e9es personnelles dans les conditions l\u00e9gales et dans les limites d&rsquo;utilisation respectives.<\/p>\n<p>8. Acc\u00e8s aux sites Web tiers<br \/>La politique de confidentialit\u00e9 ne s&rsquo;applique pas aux sites Web tiers ou aux moyens d&rsquo;assistance auxquels l&rsquo;utilisateur peut avoir acc\u00e8s via ce site Web. Dans ce cas, chaque fois que vous visitez un autre site Web \u00e0 partir de celui-ci, vous devez toujours lire la politique de confidentialit\u00e9 applicable et v\u00e9rifier que vous en acceptez les termes avant de fournir vos donn\u00e9es personnelles.<\/p>\n<p>Le propri\u00e9taire de ce site Web n&rsquo;est pas responsable de la politique de confidentialit\u00e9 ou du traitement des donn\u00e9es personnelles applicables sur les sites Web de tiers, ni du contenu mis \u00e0 disposition sur les m\u00eames sites Web.<\/p>\n<p>9. Cookies<br \/>Ce site Web peut utiliser des cookies et\/ou des balises Web lorsqu&rsquo;un utilisateur acc\u00e8de aux pages. Les cookies pouvant \u00eatre utilis\u00e9s sont associ\u00e9s (le cas \u00e9ch\u00e9ant) uniquement au navigateur d&rsquo;un ordinateur, d&rsquo;une tablette ou d&rsquo;un t\u00e9l\u00e9phone portable sp\u00e9cifique.<\/p>\n<p>Les cookies utilis\u00e9s sur ce site Web peuvent \u00eatre install\u00e9s par ceux-ci, qui proviennent des diff\u00e9rents serveurs exploit\u00e9s par ce site Web, ou de serveurs tiers qui fournissent des services et installent des cookies et\/ou des balises Web (par exemple, les cookies qui sont employ\u00e9s pour des services statistiques ou certains contenus externes). L&rsquo;utilisateur pourra rechercher sur son ordinateur selon les instructions du navigateur et trouver et supprimer les cookies.<\/p>\n<p>Les cookies sont n\u00e9cessaires pour permettre d&rsquo;identifier qu&rsquo;un navigateur (et soi-disant une personne utilisant ce navigateur) qui acc\u00e8de \u00e0 diff\u00e9rentes pages d&rsquo;un site Web est le m\u00eame navigateur (et soi-disant la m\u00eame personne) qui a acc\u00e9d\u00e9 \u00e0 une certaine page, c&rsquo;est g\u00e9n\u00e9ralement facile \u00e0 exemple avec la connexion, lorsqu&rsquo;un utilisateur se connecte \u00e0 un site Web, ce site Web enregistre un cookie dans le navigateur avec un identifiant unique qui permet ensuite de savoir que c&rsquo;est cette connexion qui a demand\u00e9 une certaine page et avec cela pour pouvoir afficher des informations ou fournir des fonctionnalit\u00e9s sp\u00e9cifiques pour cet utilisateur.<\/p>\n<p>Ce site utilise des cookies afin d&rsquo;offrir la meilleure exp\u00e9rience possible d&rsquo;utilisation et de consultation de ce site, notamment dans les situations suivantes :<br \/>\u2013 Partage de contenu sur les r\u00e9seaux sociaux<br \/>\u2013 Affichage de contenus tiers (par exemple des vid\u00e9os)<br \/>\u2013 Collecte de statistiques<\/p>\n<p>Nous n&rsquo;utilisons pas de cookies pour :<br \/>\u2013 collecter des informations permettant de vous identifier<br \/>\u2013 collecter des informations sensibles vous concernant<br \/>\u2013 transmettre des informations permettant de vous identifier \u00e0 des tiers<\/p>\n<p>Plus de d\u00e9tails sur la mani\u00e8re dont les cookies sont utilis\u00e9s dans chaque cas mentionn\u00e9 ci-dessus :<\/p>\n<p>Cookies de r\u00e9seaux sociaux<br \/>Afin que les utilisateurs de ce site Web puissent facilement partager notre contenu sur leurs comptes de m\u00e9dias sociaux tels que Facebook et Twitter, ce site Web comprend des boutons pour ces m\u00eames fonctionnalit\u00e9s.<\/p>\n<p>Des cookies pour ces fonctionnalit\u00e9s sont ainsi cr\u00e9\u00e9s et d\u00e9pos\u00e9s sur nos pages par Facebook (Facebook Privacy Policy) et par Twitter (Twitter Privacy Policy).<\/p>\n<p>Les implications de ces fonctionnalit\u00e9s sur la confidentialit\u00e9 d\u00e9pendent des r\u00e9seaux sociaux que les utilisateurs de ce site Web utilisent et des param\u00e8tres de confidentialit\u00e9 qu&rsquo;ils d\u00e9finissent dans chacun de ces r\u00e9seaux.<\/p>\n<p>Cookies pour des statistiques anonymes sur les visiteurs de ce site.<\/p>\n<p>Ce site Web utilise des cookies pour compiler des statistiques sur les visites, afin de conna\u00eetre des informations anonymes sur le nombre de visites qu&rsquo;il re\u00e7oit, quelle technologie est utilis\u00e9e pour acc\u00e9der au site Web, quelles pages sont consult\u00e9es et pendant combien de temps, parmi de nombreux autres indicateurs statistiques anonymes.<\/p>\n<p>Ces informations permettent \u00e0 ce site Web d&rsquo;am\u00e9liorer en permanence l&rsquo;exp\u00e9rience de ses visiteurs.<br \/>Le logiciel que ce site Web utilise pour collecter des statistiques est Google Analytics.<\/p>\n<p>Donc, ce type de cookies que ce site Web utilise :<br \/>\u2013 Google Analytics \u2013 Politique de confidentialit\u00e9 de Google<br \/>Si vous ne souhaitez pas que vos visites de sites Web et de blogs soient d\u00e9tect\u00e9es par Google Analytics, rendez-vous sur http:\/\/tools.google.com\/dlpage\/gaoptout<\/p>\n<p>Pour plus d&rsquo;informations sur les cookies, y compris pour savoir quels cookies ont \u00e9t\u00e9 d\u00e9finis et comment ils peuvent \u00eatre g\u00e9r\u00e9s et supprim\u00e9s, visitez http:\/\/www.allaboutcookies.org\/<\/p>\n<p>[\/et_pb_text][\/et_pb_column][\/et_pb_row][\/et_pb_section]<\/p>\n","protected":false},"excerpt":{"rendered":"<p>Politique de Confidentialit\u00e9herdadedabombeira.pt est un site Web d\u00e9tenu et fourni par la soci\u00e9t\u00e9 portugaise Bombeira do Guadiana S.A. La politique de confidentialit\u00e9 ci-dessous identifie les informations collect\u00e9es, les moyens de les collecter et de les traiter.Lorsque vous utilisez ce site Web, vous devez conna\u00eetre et accepter cette politique de confidentialit\u00e9. 1. Propri\u00e9taire et responsable du [&hellip;]<\/p>\n","protected":false},"author":1,"featured_media":0,"parent":0,"menu_order":0,"comment_status":"closed","ping_status":"closed","template":"","meta":{"_et_pb_use_builder":"on","_et_pb_old_content":"<!-- wp:heading --><h2>Who we are<\/h2><!-- \/wp:heading --><!-- wp:paragraph --><p>Our website address is: https:\/\/herdadedabombeira.com.<\/p><!-- \/wp:paragraph --><!-- wp:heading --><h2>What personal data we collect and why we collect it<\/h2><!-- \/wp:heading --><!-- wp:heading {\"level\":3} --><h3>Comments<\/h3><!-- \/wp:heading --><!-- wp:paragraph --><p>When visitors leave comments on the site we collect the data shown in the comments form, and also the visitor\u2019s IP address and browser user agent string to help spam detection.<\/p><!-- \/wp:paragraph --><!-- wp:paragraph --><p>An anonymized string created from your email address (also called a hash) may be provided to the Gravatar service to see if you are using it. The Gravatar service privacy policy is available here: https:\/\/automattic.com\/privacy\/. After approval of your comment, your profile picture is visible to the public in the context of your comment.<\/p><!-- \/wp:paragraph --><!-- wp:heading {\"level\":3} --><h3>Media<\/h3><!-- \/wp:heading --><!-- wp:paragraph --><p>If you upload images to the website, you should avoid uploading images with embedded location data (EXIF GPS) included. Visitors to the website can download and extract any location data from images on the website.<\/p><!-- \/wp:paragraph --><!-- wp:heading {\"level\":3} --><h3>Contact forms<\/h3><!-- \/wp:heading --><!-- wp:heading {\"level\":3} --><h3>Cookies<\/h3><!-- \/wp:heading --><!-- wp:paragraph --><p>If you leave a comment on our site you may opt-in to saving your name, email address and website in cookies. These are for your convenience so that you do not have to fill in your details again when you leave another comment. These cookies will last for one year.<\/p><!-- \/wp:paragraph --><!-- wp:paragraph --><p>If you visit our login page, we will set a temporary cookie to determine if your browser accepts cookies. This cookie contains no personal data and is discarded when you close your browser.<\/p><!-- \/wp:paragraph --><!-- wp:paragraph --><p>When you log in, we will also set up several cookies to save your login information and your screen display choices. Login cookies last for two days, and screen options cookies last for a year. If you select \"Remember Me\", your login will persist for two weeks. If you log out of your account, the login cookies will be removed.<\/p><!-- \/wp:paragraph --><!-- wp:paragraph --><p>If you edit or publish an article, an additional cookie will be saved in your browser. This cookie includes no personal data and simply indicates the post ID of the article you just edited. It expires after 1 day.<\/p><!-- \/wp:paragraph --><!-- wp:heading {\"level\":3} --><h3>Embedded content from other websites<\/h3><!-- \/wp:heading --><!-- wp:paragraph --><p>Articles on this site may include embedded content (e.g. videos, images, articles, etc.). Embedded content from other websites behaves in the exact same way as if the visitor has visited the other website.<\/p><!-- \/wp:paragraph --><!-- wp:paragraph --><p>These websites may collect data about you, use cookies, embed additional third-party tracking, and monitor your interaction with that embedded content, including tracking your interaction with the embedded content if you have an account and are logged in to that website.<\/p><!-- \/wp:paragraph --><!-- wp:heading {\"level\":3} --><h3>Analytics<\/h3><!-- \/wp:heading --><!-- wp:heading --><h2>Who we share your data with<\/h2><!-- \/wp:heading --><!-- wp:heading --><h2>How long we retain your data<\/h2><!-- \/wp:heading --><!-- wp:paragraph --><p>If you leave a comment, the comment and its metadata are retained indefinitely. This is so we can recognize and approve any follow-up comments automatically instead of holding them in a moderation queue.<\/p><!-- \/wp:paragraph --><!-- wp:paragraph --><p>For users that register on our website (if any), we also store the personal information they provide in their user profile. All users can see, edit, or delete their personal information at any time (except they cannot change their username). Website administrators can also see and edit that information.<\/p><!-- \/wp:paragraph --><!-- wp:heading --><h2>What rights you have over your data<\/h2><!-- \/wp:heading --><!-- wp:paragraph --><p>If you have an account on this site, or have left comments, you can request to receive an exported file of the personal data we hold about you, including any data you have provided to us. You can also request that we erase any personal data we hold about you. This does not include any data we are obliged to keep for administrative, legal, or security purposes.<\/p><!-- \/wp:paragraph --><!-- wp:heading --><h2>Where we send your data<\/h2><!-- \/wp:heading --><!-- wp:paragraph --><p>Visitor comments may be checked through an automated spam detection service.<\/p><!-- \/wp:paragraph --><!-- wp:heading --><h2>Your contact information<\/h2><!-- \/wp:heading --><!-- wp:heading --><h2>Additional information<\/h2><!-- \/wp:heading --><!-- wp:heading {\"level\":3} --><h3>How we protect your data<\/h3><!-- \/wp:heading --><!-- wp:heading {\"level\":3} --><h3>What data breach procedures we have in place<\/h3><!-- \/wp:heading --><!-- wp:heading {\"level\":3} --><h3>What third parties we receive data from<\/h3><!-- \/wp:heading --><!-- wp:heading {\"level\":3} --><h3>What automated decision making and\/or profiling we do with user data<\/h3><!-- \/wp:heading --><!-- wp:heading {\"level\":3} --><h3>Industry regulatory disclosure requirements<\/h3><!-- \/wp:heading -->","_et_gb_content_width":"","footnotes":""},"class_list":["post-2677","page","type-page","status-publish","hentry"],"_links":{"self":[{"href":"https:\/\/herdadedabombeira.com\/fr\/wp-json\/wp\/v2\/pages\/2677","targetHints":{"allow":["GET"]}}],"collection":[{"href":"https:\/\/herdadedabombeira.com\/fr\/wp-json\/wp\/v2\/pages"}],"about":[{"href":"https:\/\/herdadedabombeira.com\/fr\/wp-json\/wp\/v2\/types\/page"}],"author":[{"embeddable":true,"href":"https:\/\/herdadedabombeira.com\/fr\/wp-json\/wp\/v2\/users\/1"}],"replies":[{"embeddable":true,"href":"https:\/\/herdadedabombeira.com\/fr\/wp-json\/wp\/v2\/comments?post=2677"}],"version-history":[{"count":6,"href":"https:\/\/herdadedabombeira.com\/fr\/wp-json\/wp\/v2\/pages\/2677\/revisions"}],"predecessor-version":[{"id":2695,"href":"https:\/\/herdadedabombeira.com\/fr\/wp-json\/wp\/v2\/pages\/2677\/revisions\/2695"}],"wp:attachment":[{"href":"https:\/\/herdadedabombeira.com\/fr\/wp-json\/wp\/v2\/media?parent=2677"}],"curies":[{"name":"wp","href":"https:\/\/api.w.org\/{rel}","templated":true}]}}