{"id":1554,"date":"2020-01-04T21:59:16","date_gmt":"2020-01-04T21:59:16","guid":{"rendered":"https:\/\/herdadedabombeira.com\/caracteristicas-especiais\/"},"modified":"2020-01-27T16:02:15","modified_gmt":"2020-01-27T16:02:15","slug":"caracteristiques-particulieres","status":"publish","type":"page","link":"https:\/\/herdadedabombeira.com\/fr\/caracteristiques-particulieres\/","title":{"rendered":"Caract\u00e9ristiques particuli\u00e8res"},"content":{"rendered":"<p>[et_pb_section fb_built=\u00a0\u00bb1&Prime; custom_padding_last_edited=\u00a0\u00bbon|phone\u00a0\u00bb _builder_version=\u00a0\u00bb4.2.2&Prime; background_image=\u00a0\u00bbhttps:\/\/herdadedabombeira.com\/wp-content\/uploads\/2020\/01\/Abertura-02.jpg\u00a0\u00bb custom_padding=\u00a0\u00bb12vw||12vw||true|false\u00a0\u00bb custom_padding_tablet=\u00a0\u00bb14vw||14vw||true|false\u00a0\u00bb custom_padding_phone=\u00a0\u00bb22vw||22vw||true|false\u00a0\u00bb hover_enabled=\u00a0\u00bb0&Prime;][et_pb_row _builder_version=\u00a0\u00bb4.0.6&Prime;][et_pb_column type=\u00a0\u00bb4_4&Prime; _builder_version=\u00a0\u00bb4.0.6&Prime;][et_pb_text disabled_on=\u00a0\u00bbon|off|off\u00a0\u00bb _builder_version=\u00a0\u00bb4.2.2&Prime; header_text_align=\u00a0\u00bbcenter\u00a0\u00bb header_text_color=\u00a0\u00bb#ffffff\u00a0\u00bb header_font_size=\u00a0\u00bb52px\u00a0\u00bb header_font_size_tablet=\u00a0\u00bb\u00a0\u00bb header_font_size_phone=\u00a0\u00bb40px\u00a0\u00bb header_font_size_last_edited=\u00a0\u00bbon|phone\u00a0\u00bb header_text_shadow_style=\u00a0\u00bbpreset1&Prime;]<\/p>\n<h1>Caract\u00e9ristiques particuli\u00e8res<\/h1>\n<p>[\/et_pb_text][\/et_pb_column][\/et_pb_row][\/et_pb_section][et_pb_section fb_built=\u00a0\u00bb1&Prime; custom_padding_last_edited=\u00a0\u00bbon|phone\u00a0\u00bb _builder_version=\u00a0\u00bb4.0.6&Prime; custom_padding_tablet=\u00a0\u00bb||0px||false|false\u00a0\u00bb custom_padding_phone=\u00a0\u00bb2rem||0px||false|false\u00a0\u00bb][et_pb_row column_structure=\u00a0\u00bb2_3,1_3&Prime; custom_padding_last_edited=\u00a0\u00bbon|tablet\u00a0\u00bb _builder_version=\u00a0\u00bb4.0.6&Prime; width_tablet=\u00a0\u00bb80%\u00a0\u00bb width_phone=\u00a0\u00bb90%\u00a0\u00bb width_last_edited=\u00a0\u00bbon|phone\u00a0\u00bb custom_padding_tablet=\u00a0\u00bb||5px||false|false\u00a0\u00bb custom_padding_phone=\u00a0\u00bb||5px||false|false\u00a0\u00bb][et_pb_column type=\u00a0\u00bb2_3&Prime; _builder_version=\u00a0\u00bb4.0.6&Prime;][et_pb_blurb title=\u00a0\u00bbCaract\u00e9ristiques particuli\u00e8res\u00a0\u00bb content_max_width=\u00a0\u00bb70%\u00a0\u00bb content_max_width_tablet=\u00a0\u00bb80%\u00a0\u00bb content_max_width_phone=\u00a0\u00bb90%\u00a0\u00bb content_max_width_last_edited=\u00a0\u00bbon|phone\u00a0\u00bb _builder_version=\u00a0\u00bb4.2.2&Prime; header_font=\u00a0\u00bbRaleway|700||on|||||\u00a0\u00bb header_text_align=\u00a0\u00bbleft\u00a0\u00bb header_text_color=\u00a0\u00bb#9c872d\u00a0\u00bb header_font_size=\u00a0\u00bb0.85rem\u00a0\u00bb header_letter_spacing=\u00a0\u00bb1.43px\u00a0\u00bb custom_margin=\u00a0\u00bb||0px||false|false\u00a0\u00bb custom_margin_tablet=\u00a0\u00bb||||false|false\u00a0\u00bb custom_margin_phone=\u00a0\u00bb||||false|false\u00a0\u00bb custom_margin_last_edited=\u00a0\u00bbon|phone\u00a0\u00bb][\/et_pb_blurb][et_pb_divider color=\u00a0\u00bb#000000&Prime; _builder_version=\u00a0\u00bb4.0.6&Prime; width=\u00a0\u00bb25%\u00a0\u00bb width_tablet=\u00a0\u00bb20%\u00a0\u00bb width_phone=\u00a0\u00bb20%\u00a0\u00bb width_last_edited=\u00a0\u00bbon|phone\u00a0\u00bb module_alignment=\u00a0\u00bbleft\u00a0\u00bb custom_margin=\u00a0\u00bb||0px||false|false\u00a0\u00bb custom_padding=\u00a0\u00bb0px||0px||false|false\u00a0\u00bb border_color_all=\u00a0\u00bb#9c872d\u00a0\u00bb][\/et_pb_divider][et_pb_blurb content_max_width=\u00a0\u00bb70%\u00a0\u00bb content_max_width_tablet=\u00a0\u00bb80%\u00a0\u00bb content_max_width_phone=\u00a0\u00bb90%\u00a0\u00bb content_max_width_last_edited=\u00a0\u00bbon|phone\u00a0\u00bb _builder_version=\u00a0\u00bb4.2.2&Prime; header_level=\u00a0\u00bbh2&Prime; header_font=\u00a0\u00bbLustria||||||||\u00a0\u00bb header_text_color=\u00a0\u00bb222&Prime; header_font_size=\u00a0\u00bb32px\u00a0\u00bb header_line_height=\u00a0\u00bb3em\u00a0\u00bb body_font=\u00a0\u00bbLustria||||||||\u00a0\u00bb body_text_color=\u00a0\u00bb#555555&Prime; body_font_size=\u00a0\u00bb1.1rem\u00a0\u00bb body_letter_spacing=\u00a0\u00bb0.3px\u00a0\u00bb body_line_height=\u00a0\u00bb1.7rem\u00a0\u00bb custom_padding=\u00a0\u00bb1rem||||false|false\u00a0\u00bb custom_padding_tablet=\u00a0\u00bb1.5rem||2rem||false|false\u00a0\u00bb custom_padding_phone=\u00a0\u00bb1rem||1rem||false|false\u00a0\u00bb custom_padding_last_edited=\u00a0\u00bbon|desktop\u00a0\u00bb]<\/p>\n<p><span class=\"notas\">Rouges:<\/span> Vins avec du corps, tr\u00e8s structures, forte personnalit\u00e9, avec une pr\u00e9sence constante de tanins ronds, dont une \u00e9l\u00e9gance surprenante o\u00fa la complexit\u00e9 et la fr\u00e9sheur sont toujours pr\u00e9sentes.<\/p>\n<p><span class=\"notas\">Blancs:<\/span> Vendanges quelque peu precoces permettant une agr\u00e9able acidit\u00e9 en \u00e9quilibre avec les caract\u00e9ristiques propres des c\u00e9pages, donnant blancs frais et \u00e9l\u00e9gants, mais avec du volume.<\/p>\n<p>[\/et_pb_blurb][\/et_pb_column][et_pb_column type=\u00a0\u00bb1_3&Prime; _builder_version=\u00a0\u00bb4.0.6&Prime;][et_pb_image src=\u00a0\u00bbhttps:\/\/herdadedabombeira.com\/wp-content\/uploads\/2020\/01\/Imagem01-360&#215;565-1.jpg\u00a0\u00bb align_tablet=\u00a0\u00bbcenter\u00a0\u00bb align_phone=\u00a0\u00bb\u00a0\u00bb align_last_edited=\u00a0\u00bbon|phone\u00a0\u00bb _builder_version=\u00a0\u00bb4.0.6&Prime; animation_style=\u00a0\u00bbslide\u00a0\u00bb animation_direction=\u00a0\u00bbright\u00a0\u00bb animation_intensity_slide=\u00a0\u00bb5%\u00a0\u00bb][\/et_pb_image][\/et_pb_column][\/et_pb_row][\/et_pb_section][et_pb_section fb_built=\u00a0\u00bb1&Prime; custom_padding_last_edited=\u00a0\u00bbon|tablet\u00a0\u00bb _builder_version=\u00a0\u00bb4.0.6&Prime; custom_padding=\u00a0\u00bb0px||||false|false\u00a0\u00bb custom_padding_tablet=\u00a0\u00bb\u00a0\u00bb custom_padding_phone=\u00a0\u00bb||20px||false|false\u00a0\u00bb][et_pb_row column_structure=\u00a0\u00bb1_3,2_3&Prime; custom_padding_last_edited=\u00a0\u00bbon|tablet\u00a0\u00bb _builder_version=\u00a0\u00bb4.0.6&Prime; width_tablet=\u00a0\u00bb80%\u00a0\u00bb width_phone=\u00a0\u00bb90%\u00a0\u00bb width_last_edited=\u00a0\u00bbon|phone\u00a0\u00bb custom_padding=\u00a0\u00bb50px||||false|false\u00a0\u00bb custom_padding_tablet=\u00a0\u00bb0px||0px||false|false\u00a0\u00bb custom_padding_phone=\u00a0\u00bb0px||||false|false\u00a0\u00bb module_alignment_tablet=\u00a0\u00bbcenter\u00a0\u00bb module_alignment_phone=\u00a0\u00bbcenter\u00a0\u00bb module_alignment_last_edited=\u00a0\u00bbon|tablet\u00a0\u00bb][et_pb_column type=\u00a0\u00bb1_3&Prime; _builder_version=\u00a0\u00bb4.0.6&Prime;][et_pb_image src=\u00a0\u00bbhttps:\/\/herdadedabombeira.com\/wp-content\/uploads\/2020\/01\/Galeria02.jpg\u00a0\u00bb align_tablet=\u00a0\u00bbcenter\u00a0\u00bb align_phone=\u00a0\u00bb\u00a0\u00bb align_last_edited=\u00a0\u00bbon|phone\u00a0\u00bb _builder_version=\u00a0\u00bb4.0.6&Prime; custom_padding_tablet=\u00a0\u00bb||3rem||false|false\u00a0\u00bb custom_padding_phone=\u00a0\u00bb||2rem||false|false\u00a0\u00bb custom_padding_last_edited=\u00a0\u00bbon|phone\u00a0\u00bb animation_style=\u00a0\u00bbslide\u00a0\u00bb animation_direction=\u00a0\u00bbleft\u00a0\u00bb animation_intensity_slide=\u00a0\u00bb5%\u00a0\u00bb][\/et_pb_image][\/et_pb_column][et_pb_column type=\u00a0\u00bb2_3&Prime; _builder_version=\u00a0\u00bb4.0.6&Prime;][et_pb_blurb title=\u00a0\u00bbC\u00e9pages\u00a0\u00bb content_max_width=\u00a0\u00bb70%\u00a0\u00bb content_max_width_tablet=\u00a0\u00bb80%\u00a0\u00bb content_max_width_phone=\u00a0\u00bb90%\u00a0\u00bb content_max_width_last_edited=\u00a0\u00bbon|phone\u00a0\u00bb _builder_version=\u00a0\u00bb4.2.2&Prime; header_font=\u00a0\u00bbRaleway|700||on|||||\u00a0\u00bb header_text_color=\u00a0\u00bb#9c872d\u00a0\u00bb header_font_size=\u00a0\u00bb0.85rem\u00a0\u00bb header_letter_spacing=\u00a0\u00bb1.43px\u00a0\u00bb custom_margin=\u00a0\u00bb||0px||false|false\u00a0\u00bb][\/et_pb_blurb][et_pb_divider color=\u00a0\u00bb#000000&Prime; _builder_version=\u00a0\u00bb4.0.6&Prime; width=\u00a0\u00bb25%\u00a0\u00bb width_tablet=\u00a0\u00bb20%\u00a0\u00bb width_phone=\u00a0\u00bb20%\u00a0\u00bb width_last_edited=\u00a0\u00bbon|tablet\u00a0\u00bb module_alignment=\u00a0\u00bbleft\u00a0\u00bb custom_margin=\u00a0\u00bb||0px||false|false\u00a0\u00bb custom_padding=\u00a0\u00bb0px||0px||false|false\u00a0\u00bb][\/et_pb_divider][et_pb_blurb content_max_width=\u00a0\u00bb70%\u00a0\u00bb content_max_width_tablet=\u00a0\u00bb80%\u00a0\u00bb content_max_width_phone=\u00a0\u00bb90%\u00a0\u00bb content_max_width_last_edited=\u00a0\u00bbon|phone\u00a0\u00bb _builder_version=\u00a0\u00bb4.2.2&Prime; header_level=\u00a0\u00bbh2&Prime; header_font=\u00a0\u00bbLustria||||||||\u00a0\u00bb header_text_color=\u00a0\u00bb222&Prime; header_font_size=\u00a0\u00bb32px\u00a0\u00bb header_line_height=\u00a0\u00bb3em\u00a0\u00bb body_font=\u00a0\u00bbLustria||||||||\u00a0\u00bb body_text_color=\u00a0\u00bb#555555&Prime; body_font_size=\u00a0\u00bb1.1rem\u00a0\u00bb body_line_height=\u00a0\u00bb1.7rem\u00a0\u00bb custom_margin=\u00a0\u00bb||3rem||false|false\u00a0\u00bb custom_padding=\u00a0\u00bb1rem||1rem||true|false\u00a0\u00bb]<\/p>\n<p><span class=\"notas\">Rouges:<\/span> <span>4 Ha Syrah, 2,5 Ha Trincadeira, 3,5 Ha Alicante Bouschet, 3,5 Ha Cabernet Sauvignon e 3 Ha Touriga Nacional.<\/span><\/p>\n<p><span class=\"notas\">Blancs: <\/span>3 Ha de Arinto e 2 Ha de Chardonnay.<\/p>\n<p>[\/et_pb_blurb][et_pb_blurb title=\u00a0\u00bbProdu\u00e7\u00e3o m\u00e9dia\u00a0\u00bb content_max_width=\u00a0\u00bb70%\u00a0\u00bb content_max_width_tablet=\u00a0\u00bb80%\u00a0\u00bb content_max_width_phone=\u00a0\u00bb90%\u00a0\u00bb content_max_width_last_edited=\u00a0\u00bbon|phone\u00a0\u00bb _builder_version=\u00a0\u00bb4.0.6&Prime; header_font=\u00a0\u00bbRaleway|700||on|||||\u00a0\u00bb header_text_color=\u00a0\u00bb#9c872d\u00a0\u00bb header_font_size=\u00a0\u00bb0.85rem\u00a0\u00bb header_letter_spacing=\u00a0\u00bb1.43px\u00a0\u00bb custom_margin=\u00a0\u00bb||0px||false|false\u00a0\u00bb][\/et_pb_blurb][et_pb_divider color=\u00a0\u00bb#000000&Prime; _builder_version=\u00a0\u00bb4.0.6&Prime; width=\u00a0\u00bb25%\u00a0\u00bb width_tablet=\u00a0\u00bb20%\u00a0\u00bb width_phone=\u00a0\u00bb20%\u00a0\u00bb width_last_edited=\u00a0\u00bbon|phone\u00a0\u00bb module_alignment=\u00a0\u00bbleft\u00a0\u00bb custom_margin=\u00a0\u00bb||0px||false|false\u00a0\u00bb custom_padding=\u00a0\u00bb0px||0px||false|false\u00a0\u00bb][\/et_pb_divider][et_pb_blurb content_max_width=\u00a0\u00bb70%\u00a0\u00bb content_max_width_tablet=\u00a0\u00bb80%\u00a0\u00bb content_max_width_phone=\u00a0\u00bb90%\u00a0\u00bb content_max_width_last_edited=\u00a0\u00bbon|phone\u00a0\u00bb _builder_version=\u00a0\u00bb4.2.2&Prime; header_level=\u00a0\u00bbh2&Prime; header_font=\u00a0\u00bbLustria||||||||\u00a0\u00bb header_text_color=\u00a0\u00bb222&Prime; header_font_size=\u00a0\u00bb32px\u00a0\u00bb header_line_height=\u00a0\u00bb3em\u00a0\u00bb body_font=\u00a0\u00bbLustria||||||||\u00a0\u00bb body_text_color=\u00a0\u00bb#555555&Prime; body_font_size=\u00a0\u00bb1.1rem\u00a0\u00bb body_line_height=\u00a0\u00bb1.7rem\u00a0\u00bb custom_margin=\u00a0\u00bb||60px||false|false\u00a0\u00bb custom_margin_tablet=\u00a0\u00bb||1rem||false|false\u00a0\u00bb custom_margin_phone=\u00a0\u00bb||0px||false|false\u00a0\u00bb custom_margin_last_edited=\u00a0\u00bbon|tablet\u00a0\u00bb custom_padding=\u00a0\u00bb1rem||1rem||false|false\u00a0\u00bb custom_padding_tablet=\u00a0\u00bb\u00a0\u00bb custom_padding_phone=\u00a0\u00bb\u00a0\u00bb custom_padding_last_edited=\u00a0\u00bbon|phone\u00a0\u00bb]<\/p>\n<p><span class=\"notas\">Tintos:<\/span> 60.000 Bouteilles<br \/> <span class=\"notas\">Brancos<\/span>: 30.000 Bouteilles<br \/> <span class=\"notas\">Ros\u00e9:<\/span> 10.000 Bouteilles<\/p>\n<p>[\/et_pb_blurb][\/et_pb_column][\/et_pb_row][\/et_pb_section][et_pb_section fb_built=\u00a0\u00bb1&Prime; _builder_version=\u00a0\u00bb4.0.6&Prime; custom_margin=\u00a0\u00bb|5px|||false|false\u00a0\u00bb custom_margin_tablet=\u00a0\u00bb|0px|||false|false\u00a0\u00bb custom_margin_phone=\u00a0\u00bb\u00a0\u00bb custom_margin_last_edited=\u00a0\u00bbon|phone\u00a0\u00bb custom_padding=\u00a0\u00bb0px|0px|0px||false|false\u00a0\u00bb][et_pb_row column_structure=\u00a0\u00bb1_4,1_4,1_4,1_4&Prime; use_custom_gutter=\u00a0\u00bbon\u00a0\u00bb gutter_width=\u00a0\u00bb1&Prime; custom_padding_last_edited=\u00a0\u00bbon|phone\u00a0\u00bb _builder_version=\u00a0\u00bb4.2.2&Prime; width=\u00a0\u00bb100%\u00a0\u00bb max_width=\u00a0\u00bb1440px\u00a0\u00bb module_alignment=\u00a0\u00bbcenter\u00a0\u00bb custom_margin=\u00a0\u00bb||0px||false|false\u00a0\u00bb custom_padding=\u00a0\u00bb0px||5px||false|false\u00a0\u00bb custom_padding_tablet=\u00a0\u00bb\u00a0\u00bb custom_padding_phone=\u00a0\u00bb\u00a0\u00bb animation_style=\u00a0\u00bbslide\u00a0\u00bb animation_direction=\u00a0\u00bbright\u00a0\u00bb animation_intensity_slide=\u00a0\u00bb5%\u00a0\u00bb animation_speed_curve=\u00a0\u00bbease-out\u00a0\u00bb][et_pb_column type=\u00a0\u00bb1_4&Prime; _builder_version=\u00a0\u00bb4.0.6&Prime;][et_pb_image src=\u00a0\u00bbhttps:\/\/herdadedabombeira.com\/wp-content\/uploads\/2020\/01\/Imagem03-360&#215;565-1.jpg\u00a0\u00bb align_tablet=\u00a0\u00bbcenter\u00a0\u00bb align_phone=\u00a0\u00bbcenter\u00a0\u00bb align_last_edited=\u00a0\u00bbon|phone\u00a0\u00bb _builder_version=\u00a0\u00bb4.2.2&Prime; custom_padding=\u00a0\u00bb||||false|false\u00a0\u00bb animation_style=\u00a0\u00bbfade\u00a0\u00bb animation_speed_curve=\u00a0\u00bbease-in\u00a0\u00bb border_width_top=\u00a0\u00bb5px\u00a0\u00bb border_color_top=\u00a0\u00bb#ffffff\u00a0\u00bb border_width_left=\u00a0\u00bb5px\u00a0\u00bb border_color_left=\u00a0\u00bb#ffffff\u00a0\u00bb border_width_left_tablet=\u00a0\u00bb\u00a0\u00bb border_width_left_phone=\u00a0\u00bb0px\u00a0\u00bb border_width_left_last_edited=\u00a0\u00bbon|phone\u00a0\u00bb][\/et_pb_image][\/et_pb_column][et_pb_column type=\u00a0\u00bb1_4&Prime; _builder_version=\u00a0\u00bb4.0.6&Prime;][et_pb_image src=\u00a0\u00bbhttps:\/\/herdadedabombeira.com\/wp-content\/uploads\/2020\/01\/Galeria05.jpg\u00a0\u00bb align_tablet=\u00a0\u00bbcenter\u00a0\u00bb align_phone=\u00a0\u00bbcenter\u00a0\u00bb align_last_edited=\u00a0\u00bbon|phone\u00a0\u00bb _builder_version=\u00a0\u00bb4.2.2&Prime; custom_padding=\u00a0\u00bb||||false|false\u00a0\u00bb animation_style=\u00a0\u00bbfade\u00a0\u00bb animation_speed_curve=\u00a0\u00bbease-in\u00a0\u00bb border_width_top=\u00a0\u00bb5px\u00a0\u00bb border_color_top=\u00a0\u00bb#ffffff\u00a0\u00bb border_width_left=\u00a0\u00bb5px\u00a0\u00bb border_color_left=\u00a0\u00bb#ffffff\u00a0\u00bb border_width_left_tablet=\u00a0\u00bb\u00a0\u00bb border_width_left_phone=\u00a0\u00bb0px\u00a0\u00bb border_width_left_last_edited=\u00a0\u00bbon|phone\u00a0\u00bb][\/et_pb_image][\/et_pb_column][et_pb_column type=\u00a0\u00bb1_4&Prime; _builder_version=\u00a0\u00bb4.0.6&Prime;][et_pb_image src=\u00a0\u00bbhttps:\/\/herdadedabombeira.com\/wp-content\/uploads\/2020\/01\/Imagem-360&#215;565-1.jpg\u00a0\u00bb align_tablet=\u00a0\u00bbcenter\u00a0\u00bb align_phone=\u00a0\u00bbcenter\u00a0\u00bb align_last_edited=\u00a0\u00bbon|phone\u00a0\u00bb _builder_version=\u00a0\u00bb4.2.2&Prime; custom_padding=\u00a0\u00bb||||false|false\u00a0\u00bb animation_style=\u00a0\u00bbfade\u00a0\u00bb animation_speed_curve=\u00a0\u00bbease-in\u00a0\u00bb border_width_top=\u00a0\u00bb5px\u00a0\u00bb border_color_top=\u00a0\u00bb#ffffff\u00a0\u00bb border_width_left=\u00a0\u00bb5px\u00a0\u00bb border_color_left=\u00a0\u00bb#ffffff\u00a0\u00bb border_width_left_tablet=\u00a0\u00bb\u00a0\u00bb border_width_left_phone=\u00a0\u00bb0px\u00a0\u00bb border_width_left_last_edited=\u00a0\u00bbon|phone\u00a0\u00bb][\/et_pb_image][\/et_pb_column][et_pb_column type=\u00a0\u00bb1_4&Prime; _builder_version=\u00a0\u00bb4.0.6&Prime;][et_pb_image src=\u00a0\u00bbhttps:\/\/herdadedabombeira.com\/wp-content\/uploads\/2020\/01\/Galeria04.jpg\u00a0\u00bb align_tablet=\u00a0\u00bbcenter\u00a0\u00bb align_phone=\u00a0\u00bbcenter\u00a0\u00bb align_last_edited=\u00a0\u00bbon|phone\u00a0\u00bb _builder_version=\u00a0\u00bb4.2.2&Prime; custom_padding=\u00a0\u00bb||||false|false\u00a0\u00bb animation_style=\u00a0\u00bbfade\u00a0\u00bb animation_speed_curve=\u00a0\u00bbease-in\u00a0\u00bb border_width_top=\u00a0\u00bb5px\u00a0\u00bb border_color_top=\u00a0\u00bb#ffffff\u00a0\u00bb border_width_left=\u00a0\u00bb5px\u00a0\u00bb border_color_left=\u00a0\u00bb#ffffff\u00a0\u00bb border_width_left_tablet=\u00a0\u00bb\u00a0\u00bb border_width_left_phone=\u00a0\u00bb0px\u00a0\u00bb border_width_left_last_edited=\u00a0\u00bbon|phone\u00a0\u00bb][\/et_pb_image][\/et_pb_column][\/et_pb_row][\/et_pb_section][et_pb_section fb_built=\u00a0\u00bb1&Prime; fullwidth=\u00a0\u00bbon\u00a0\u00bb custom_padding_last_edited=\u00a0\u00bbon|phone\u00a0\u00bb _builder_version=\u00a0\u00bb4.0.6&Prime; background_image=\u00a0\u00bbhttps:\/\/herdadedabombeira.com\/wp-content\/uploads\/2020\/01\/Destaque05.jpg\u00a0\u00bb parallax=\u00a0\u00bbon\u00a0\u00bb parallax_method=\u00a0\u00bboff\u00a0\u00bb custom_padding=\u00a0\u00bb20vw||20vw||true|false\u00a0\u00bb custom_padding_tablet=\u00a0\u00bb\u00a0\u00bb custom_padding_phone=\u00a0\u00bb34vw||34vw||true|false\u00a0\u00bb][\/et_pb_section]<\/p>\n","protected":false},"excerpt":{"rendered":"<p>Caract\u00e9ristiques particuli\u00e8resRouges: Vins avec du corps, tr\u00e8s structures, forte personnalit\u00e9, avec une pr\u00e9sence constante de tanins ronds, dont une \u00e9l\u00e9gance surprenante o\u00fa la complexit\u00e9 et la fr\u00e9sheur sont toujours pr\u00e9sentes. Blancs: Vendanges quelque peu precoces permettant une agr\u00e9able acidit\u00e9 en \u00e9quilibre avec les caract\u00e9ristiques propres des c\u00e9pages, donnant blancs frais et \u00e9l\u00e9gants, mais avec du [&hellip;]<\/p>\n","protected":false},"author":1,"featured_media":0,"parent":0,"menu_order":0,"comment_status":"closed","ping_status":"closed","template":"","meta":{"_et_pb_use_builder":"on","_et_pb_old_content":"","_et_gb_content_width":"","footnotes":""},"class_list":["post-1554","page","type-page","status-publish","hentry"],"_links":{"self":[{"href":"https:\/\/herdadedabombeira.com\/fr\/wp-json\/wp\/v2\/pages\/1554","targetHints":{"allow":["GET"]}}],"collection":[{"href":"https:\/\/herdadedabombeira.com\/fr\/wp-json\/wp\/v2\/pages"}],"about":[{"href":"https:\/\/herdadedabombeira.com\/fr\/wp-json\/wp\/v2\/types\/page"}],"author":[{"embeddable":true,"href":"https:\/\/herdadedabombeira.com\/fr\/wp-json\/wp\/v2\/users\/1"}],"replies":[{"embeddable":true,"href":"https:\/\/herdadedabombeira.com\/fr\/wp-json\/wp\/v2\/comments?post=1554"}],"version-history":[{"count":20,"href":"https:\/\/herdadedabombeira.com\/fr\/wp-json\/wp\/v2\/pages\/1554\/revisions"}],"predecessor-version":[{"id":2102,"href":"https:\/\/herdadedabombeira.com\/fr\/wp-json\/wp\/v2\/pages\/1554\/revisions\/2102"}],"wp:attachment":[{"href":"https:\/\/herdadedabombeira.com\/fr\/wp-json\/wp\/v2\/media?parent=1554"}],"curies":[{"name":"wp","href":"https:\/\/api.w.org\/{rel}","templated":true}]}}